{"id":644,"date":"2018-06-18T14:12:35","date_gmt":"2018-06-18T17:12:35","guid":{"rendered":"https:\/\/isfdyt212-bue.infd.edu.ar\/sitio\/?page_id=644"},"modified":"2021-06-27T19:47:42","modified_gmt":"2021-06-27T22:47:42","slug":"catalogo","status":"publish","type":"page","link":"https:\/\/isfdyt212-bue.infd.edu.ar\/sitio\/catalogo\/","title":{"rendered":"Carreras"},"content":{"rendered":"<p><strong>Carreras 2021:<\/strong><\/p>\n<p>&nbsp;<\/p>\n<p><strong>4\u00b0 a\u00f1o de Psicopedagog\u00eda.<\/strong><\/p>\n<p><strong>3\u00b0 a\u00f1o de Enfermer\u00eda.<\/strong><\/p>\n<p><strong>1\u00b0 y 2\u00b0 a\u00f1o del Profesorado de Educaci\u00f3n Primaria.<\/strong><\/p>\n<p><strong>1\u00b0 a\u00f1o de Acompa\u00f1amiento Terap\u00e9utico.<\/strong><\/p>\n<p><strong>1\u00b0 a\u00f1o de Administraci\u00f3n General.<\/strong><\/p>\n<p><strong>1\u00b0 a\u00f1o del Profesorado de Historia.<\/strong><\/p>\n","protected":false},"excerpt":{"rendered":"<p>Carreras 2021: &nbsp; 4\u00b0 a\u00f1o de Psicopedagog\u00eda. 3\u00b0 a\u00f1o de Enfermer\u00eda. 1\u00b0 y 2\u00b0 a\u00f1o del Profesorado de Educaci\u00f3n Primaria. 1\u00b0 a\u00f1o de Acompa\u00f1amiento Terap\u00e9utico. 1\u00b0 a\u00f1o de Administraci\u00f3n General. 1\u00b0 a\u00f1o del Profesorado de Historia.<\/p>\n","protected":false},"author":1,"featured_media":0,"parent":0,"menu_order":0,"comment_status":"closed","ping_status":"closed","template":"","meta":[],"acf":[],"_links":{"self":[{"href":"https:\/\/isfdyt212-bue.infd.edu.ar\/sitio\/wp-json\/wp\/v2\/pages\/644"}],"collection":[{"href":"https:\/\/isfdyt212-bue.infd.edu.ar\/sitio\/wp-json\/wp\/v2\/pages"}],"about":[{"href":"https:\/\/isfdyt212-bue.infd.edu.ar\/sitio\/wp-json\/wp\/v2\/types\/page"}],"author":[{"embeddable":true,"href":"https:\/\/isfdyt212-bue.infd.edu.ar\/sitio\/wp-json\/wp\/v2\/users\/1"}],"replies":[{"embeddable":true,"href":"https:\/\/isfdyt212-bue.infd.edu.ar\/sitio\/wp-json\/wp\/v2\/comments?post=644"}],"version-history":[{"count":10,"href":"https:\/\/isfdyt212-bue.infd.edu.ar\/sitio\/wp-json\/wp\/v2\/pages\/644\/revisions"}],"predecessor-version":[{"id":785,"href":"https:\/\/isfdyt212-bue.infd.edu.ar\/sitio\/wp-json\/wp\/v2\/pages\/644\/revisions\/785"}],"wp:attachment":[{"href":"https:\/\/isfdyt212-bue.infd.edu.ar\/sitio\/wp-json\/wp\/v2\/media?parent=644"}],"curies":[{"name":"wp","href":"https:\/\/api.w.org\/{rel}","templated":true}]}}