{"id":683,"date":"2018-07-25T15:06:14","date_gmt":"2018-07-25T18:06:14","guid":{"rendered":"https:\/\/isfdyt212-bue.infd.edu.ar\/sitio\/?page_id=683"},"modified":"2021-06-27T21:35:50","modified_gmt":"2021-06-28T00:35:50","slug":"institucional","status":"publish","type":"page","link":"https:\/\/isfdyt212-bue.infd.edu.ar\/sitio\/institucional\/","title":{"rendered":"El Instituto"},"content":{"rendered":"<p><strong>Historia del ISFD y T N\u00b0 212<br \/>\n<\/strong><br \/>\nEl Instituto Superior de Formaci\u00f3n Docente y T\u00e9cnica N\u00b0 212 es nuestra \u00fanica instituci\u00f3n para continuar los estudios superiores en distrito de Gral. Paz, desde hace 33 a\u00f1os.<\/p>\n<p>Naci\u00f3 en 1988 como el Instituto Superior de Formaci\u00f3n Docente y T\u00e9cnica N\u00b0 57 anexo Ranchos como una extensi\u00f3n del Instituto Superior de la Ciudad de Chascom\u00fas.<\/p>\n<p>Esta instituci\u00f3n nace para dar respuesta a la necesidad de la comunidad de contar con un Instituto que forme docentes para cubrir demandas pedag\u00f3gicas generadas a partir de la creaci\u00f3n del cargo de Maestra de Apoyo en las escuelas rurales, como as\u00ed tambi\u00e9n la formaci\u00f3n de Maestras Jardineras, superando as\u00ed las dificultades generadas por la imposibilidad de que los alumnos se trasladen diariamente a centros educativos de otras localidades, con las consiguientes dificultades econ\u00f3micas, laborales y de transporte.<\/p>\n<p>La resoluci\u00f3n 2061 del a\u00f1o 2015, reconoce la autonom\u00eda, y desde all\u00ed lo conocemos con el nombre de ISFD y T N\u00b0 212. El 2 de enero de 2016 comenz\u00f3 a funcionar con Equipo Directivo (director y secretaria), dos preceptores, una bibliotecaria, dos auxiliares y el mismo equipo de docentes.<\/p>\n<p>En el a\u00f1o 2017 se realiza la elecci\u00f3n de nombre y desde all\u00ed pasa a denominarse Magdalena \u201cCorita\u201d Pesqueira, en honor a una querida y respetada profesora, regente y directora que pas\u00f3 por nuestro establecimiento y dej\u00f3 un inmensa huella.<\/p>\n","protected":false},"excerpt":{"rendered":"<p>Historia del ISFD y T N\u00b0 212 El Instituto Superior de Formaci\u00f3n Docente y T\u00e9cnica N\u00b0 212 es nuestra \u00fanica instituci\u00f3n para continuar los estudios superiores en distrito de Gral. Paz, desde hace 33 a\u00f1os. Naci\u00f3 en 1988 como el Instituto Superior de Formaci\u00f3n Docente y T\u00e9cnica N\u00b0 57 anexo Ranchos como una extensi\u00f3n del &#8230; <a title=\"El Instituto\" class=\"read-more\" href=\"https:\/\/isfdyt212-bue.infd.edu.ar\/sitio\/institucional\/\" aria-label=\"More on El Instituto\">[+]<\/a><\/p>\n","protected":false},"author":6,"featured_media":0,"parent":0,"menu_order":0,"comment_status":"closed","ping_status":"closed","template":"","meta":[],"acf":[],"_links":{"self":[{"href":"https:\/\/isfdyt212-bue.infd.edu.ar\/sitio\/wp-json\/wp\/v2\/pages\/683"}],"collection":[{"href":"https:\/\/isfdyt212-bue.infd.edu.ar\/sitio\/wp-json\/wp\/v2\/pages"}],"about":[{"href":"https:\/\/isfdyt212-bue.infd.edu.ar\/sitio\/wp-json\/wp\/v2\/types\/page"}],"author":[{"embeddable":true,"href":"https:\/\/isfdyt212-bue.infd.edu.ar\/sitio\/wp-json\/wp\/v2\/users\/6"}],"replies":[{"embeddable":true,"href":"https:\/\/isfdyt212-bue.infd.edu.ar\/sitio\/wp-json\/wp\/v2\/comments?post=683"}],"version-history":[{"count":5,"href":"https:\/\/isfdyt212-bue.infd.edu.ar\/sitio\/wp-json\/wp\/v2\/pages\/683\/revisions"}],"predecessor-version":[{"id":800,"href":"https:\/\/isfdyt212-bue.infd.edu.ar\/sitio\/wp-json\/wp\/v2\/pages\/683\/revisions\/800"}],"wp:attachment":[{"href":"https:\/\/isfdyt212-bue.infd.edu.ar\/sitio\/wp-json\/wp\/v2\/media?parent=683"}],"curies":[{"name":"wp","href":"https:\/\/api.w.org\/{rel}","templated":true}]}}