{"id":685,"date":"2018-07-25T15:06:42","date_gmt":"2018-07-25T18:06:42","guid":{"rendered":"https:\/\/isfdyt212-bue.infd.edu.ar\/sitio\/?page_id=685"},"modified":"2021-06-27T22:38:14","modified_gmt":"2021-06-28T01:38:14","slug":"proyectos","status":"publish","type":"page","link":"https:\/\/isfdyt212-bue.infd.edu.ar\/sitio\/institucional\/proyectos\/","title":{"rendered":"Proyectos"},"content":{"rendered":"<h2><strong>Diferentes Proyectos junto a la Comunidad<\/strong><\/h2>\n<p>Es importante se\u00f1alar que el instituto 212 cuenta con muchos proyectos de articulaci\u00f3n, no solo con instituciones educativas del distrito, sino tambi\u00e9n con diferentes instituciones y organismos municipales y privados, ligados a mejorar y transformar diferentes pr\u00e1cticas dentro de la comunidad.<\/p>\n<p>La idea de esas propuestas es tener un alto impacto en nuestra sociedad, en especial con temas de inclusi\u00f3n, g\u00e9nero y diversidad.<\/p>\n","protected":false},"excerpt":{"rendered":"<p>Diferentes Proyectos junto a la Comunidad Es importante se\u00f1alar que el instituto 212 cuenta con muchos proyectos de articulaci\u00f3n, no solo con instituciones educativas del distrito, sino tambi\u00e9n con diferentes instituciones y organismos municipales y privados, ligados a mejorar y transformar diferentes pr\u00e1cticas dentro de la comunidad. La idea de esas propuestas es tener un &#8230; <a title=\"Proyectos\" class=\"read-more\" href=\"https:\/\/isfdyt212-bue.infd.edu.ar\/sitio\/institucional\/proyectos\/\" aria-label=\"More on Proyectos\">[+]<\/a><\/p>\n","protected":false},"author":6,"featured_media":0,"parent":683,"menu_order":0,"comment_status":"closed","ping_status":"closed","template":"","meta":[],"acf":[],"_links":{"self":[{"href":"https:\/\/isfdyt212-bue.infd.edu.ar\/sitio\/wp-json\/wp\/v2\/pages\/685"}],"collection":[{"href":"https:\/\/isfdyt212-bue.infd.edu.ar\/sitio\/wp-json\/wp\/v2\/pages"}],"about":[{"href":"https:\/\/isfdyt212-bue.infd.edu.ar\/sitio\/wp-json\/wp\/v2\/types\/page"}],"author":[{"embeddable":true,"href":"https:\/\/isfdyt212-bue.infd.edu.ar\/sitio\/wp-json\/wp\/v2\/users\/6"}],"replies":[{"embeddable":true,"href":"https:\/\/isfdyt212-bue.infd.edu.ar\/sitio\/wp-json\/wp\/v2\/comments?post=685"}],"version-history":[{"count":9,"href":"https:\/\/isfdyt212-bue.infd.edu.ar\/sitio\/wp-json\/wp\/v2\/pages\/685\/revisions"}],"predecessor-version":[{"id":806,"href":"https:\/\/isfdyt212-bue.infd.edu.ar\/sitio\/wp-json\/wp\/v2\/pages\/685\/revisions\/806"}],"up":[{"embeddable":true,"href":"https:\/\/isfdyt212-bue.infd.edu.ar\/sitio\/wp-json\/wp\/v2\/pages\/683"}],"wp:attachment":[{"href":"https:\/\/isfdyt212-bue.infd.edu.ar\/sitio\/wp-json\/wp\/v2\/media?parent=685"}],"curies":[{"name":"wp","href":"https:\/\/api.w.org\/{rel}","templated":true}]}}